{"id":21283,"date":"2025-02-26T14:34:46","date_gmt":"2025-02-26T03:34:46","guid":{"rendered":"https:\/\/hcandis.codexdigital.com.au\/?page_id=21283"},"modified":"2025-12-22T09:07:22","modified_gmt":"2025-12-21T22:07:22","slug":"for-support-coordinators","status":"publish","type":"page","link":"https:\/\/hcandis.com.au\/vi\/for-support-coordinators\/","title":{"rendered":"For Support Coordinators"},"content":{"rendered":"<section class=\"block-section desktop-height-fit-content tablet-height-fit-content mobile-height-fit-content pattern pattern-page-banner curve curve-top- curve-bottom-\">\n  <div class=\"section-content-container desktop-align-y-centre tablet-align-y-centre mobile-align-y-centre p-t-dsk-100 p-b-dsk-100 p-t-tab-inherit-dsk p-b-tab-inherit-dsk p-t-mob-60 p-b-mob-60\">\n    <div class=\"content-container\">\n      <div class=\"container ctr-p-dsk-0 ctr-p-tab-0 ctr-p-mob-24\">\n        <div class=\"text-wrapper pattern-grid-container\">\n          <div class=\"text-column\">\n            \n\n\n\n\n<div class=\"block-breadcrumbs  m-t-dsk-0 m-b-dsk-8 m-t-tab-inherit-dsk m-b-tab-inherit-dsk m-t-mob-inherit-dsk m-b-mob-inherit-dsk\">\n\n  <p id=\"breadcrumbs\"><span><span><a href=\"https:\/\/hcandis.com.au\/vi\/\">Trang ch\u1ee7<\/a><\/span><\/span><\/p>\n<\/div>\n\n\n\n\n\n\n\n\n\n\n\n\n\n\n\n\n\n\n\n\n\n\n\n<div id=\"672167f0786f1\" class=\"block-heading animation-container  w-dsk-12 w-tab-12 w-mob-12 m-t-dsk-0 m-b-dsk-32 m-t-tab-inherit-dsk m-b-tab-inherit-dsk m-t-mob-inherit-dsk m-b-mob-inherit-dsk\"\n\n  \n>\n\n  \n  <h1    class=\"font-01 font-weight-500 l-h-default l-s-default  text-color-white text-align-desktop-left text-align-tablet-same-as-desktop text-align-mobile-same-as-desktop\" style=\"\"\n      >\n    For Support Coordinators  <\/h1>\n<\/div>\n\n\n\n\n\n\n\n\n\n\n\n\n\n\n\n<div class=\"block-paragraph animation-container w-dsk-12 w-tab-12 w-mob-12 m-t-dsk-0 m-b-dsk-0 m-t-tab-inherit-dsk m-b-tab-inherit-dsk m-t-mob-inherit-dsk m-b-mob-inherit-dsk\">\n  <div class=\"paragraph body-copy-large default  l-h-default l-s-default  text-color-white text-align-desktop-left text-align-tablet-same-as-desktop text-align-mobile-same-as-desktop c-dsk-1 c-g-dsk-r c-tab-1 c-g-tab-r  c-mob-1 c-g-mob-r\" style=\"\">\n    <p>HCA isn\u2019t just about providing the best care for its customers. Using our decades of healthcare expertise, can make your day easier by quickly and efficiently onboarding ad servicing your clients.<\/p>\n  <\/div>\n<\/div>\n\n          <\/div>\n        <\/div>\n      <\/div>\n    <\/div>\n  <\/div>\n<\/section>\n\n\n<section id=\"block-anchor-navigation-bar\">\n\n  <div class=\"scroll-indicator-left\"><\/div>\n  <div class=\"scroll-indicator-right\"><\/div>\n\n  <div class=\"container\">\n    <div class=\"container-internal\">\n\n      <ul class=\"anchor-navigation-bar\">\n                <li>\n          <a class=\"anchor-link\" data-anchor-link=\"what-we-offer\">\n            <div class=\"title\">What we offer<\/div>\n          <\/a>\n        <\/li>\n                <li>\n          <a class=\"anchor-link\" data-anchor-link=\"stay-informed\">\n            <div class=\"title\">Stay informed<\/div>\n          <\/a>\n        <\/li>\n                <li>\n          <a class=\"anchor-link\" data-anchor-link=\"your-guide\">\n            <div class=\"title\">H\u01b0\u1edbng d\u1eabn vi\u00ean c\u1ee7a b\u1ea1n<\/div>\n          <\/a>\n        <\/li>\n                <li>\n          <a class=\"anchor-link\" data-anchor-link=\"our-featured-services\">\n            <div class=\"title\">D\u1ecbch v\u1ee5 n\u1ed5i b\u1eadt c\u1ee7a ch\u00fang t\u00f4i<\/div>\n          <\/a>\n        <\/li>\n                <li>\n          <a class=\"anchor-link\" data-anchor-link=\"why-hca\">\n            <div class=\"title\">T\u1ea1i sao l\u1ea1i l\u00e0 HCA?<\/div>\n          <\/a>\n        <\/li>\n                <li>\n          <a class=\"anchor-link\" data-anchor-link=\"need-help\">\n            <div class=\"title\">C\u1ea7n gi\u00fap \u0111\u1ee1?<\/div>\n          <\/a>\n        <\/li>\n              <\/ul>\n\n    <\/div>\n  <\/div>\n\n\n<\/section>\n\n\n\n\n\n\n<section id=\"what-we-offer\"\n    class=\"block-section desktop-height-fit-content tablet-height-fit-content mobile-height-fit-content pattern pattern-cards curve curve-top-none curve-bottom-none\">\n    <div\n        class=\"section-content-container desktop-align-y-centre tablet-align-y-centre mobile-align-y-centre p-t-dsk-80 p-b-dsk-80 p-t-tab-inherit-dsk p-b-tab-inherit-dsk p-t-mob-40 p-b-mob-40 no-padding-bottom\">\n        <div class=\"content-container\">\n            <div class=\"container ctr-p-dsk-0 ctr-p-tab-0 ctr-p-mob-24\">\n              <div class=\"intro-wrapper\">\n                \n\n\n\n\n\n\n\n\n\n\n\n\n\n\n\n\n\n\n\n\n\n<div id=\"672961db4c5ee\" class=\"block-heading animation-container  w-dsk-12 w-tab-12 w-mob-12 m-t-dsk-0 m-b-dsk-8 m-t-tab-inherit-dsk m-b-tab-inherit-dsk m-t-mob-inherit-dsk m-b-mob-inherit-dsk\"\n\n  \n>\n\n  \n  <h5    class=\"font-02 font-weight-700 l-h-default l-s-default  text-color-primary-tint-1 text-align-desktop-center text-align-tablet-same-as-desktop text-align-mobile-same-as-desktop\" style=\"\"\n      >\n    What we offer  <\/h5>\n<\/div>\n\n\n\n\n\n\n\n\n\n\n\n\n\n\n\n\n\n\n\n\n\n\n\n<div id=\"6729619c7eab5\" class=\"block-heading animation-container  w-dsk-12 w-tab-12 w-mob-12 m-t-dsk-0 m-b-dsk-32 m-t-tab-inherit-dsk m-b-tab-inherit-dsk m-t-mob-inherit-dsk m-b-mob-inherit-dsk\"\n\n  \n>\n\n  \n  <h2    class=\"font-01 font-weight-500 l-h-default l-s-default  text-color-primary text-align-desktop-center text-align-tablet-same-as-desktop text-align-mobile-same-as-desktop\" style=\"\"\n      >\n    <span class=\"underline lge\">Reliable, skilled support<\/span> for your clients  <\/h2>\n<\/div>\n\n\n\n\n\n\n\n\n\n\n\n\n\n\n\n<div class=\"block-paragraph animation-container w-dsk-12 w-tab-12 w-mob-12 m-t-dsk-0 m-b-dsk-0 m-t-tab-inherit-dsk m-b-tab-inherit-dsk m-t-mob-inherit-dsk m-b-mob-inherit-dsk\">\n  <div class=\"paragraph body-copy-large default  l-h-default l-s-default   text-align-desktop-left text-align-tablet-same-as-desktop text-align-mobile-same-as-desktop c-dsk-1 c-g-dsk-r c-tab-1 c-g-tab-r  c-mob-1 c-g-mob-r\" style=\"\">\n    <p style=\"text-align: center\">With our extensive healthcare recruitment experience, we can provide assurance and peace of mind that your clients will be getting the best possible care.<br \/>\nHere are some of the ways we can support you:<\/p>\n  <\/div>\n<\/div>\n\n\n\n\n\n\n\n<div class=\"block-spacer s-dsk-80 s-tab-inherit-dsk s-mob-20\"><\/div>\n\n              <\/div>\n                                <div class=\"image-and-text-cards-wrapper cards-wrapper columns-three\"> <!--Column number only applies when image and text type is selected-->\n                                                          \n                                          <div class=\"image-and-text-card grid-card\">\n                        <div class=\"image\" style=\"background-image: url('https:\/\/hcandis.com.au\/app\/uploads\/2025\/04\/iStock-2197688541.jpg');\"><\/div>\n                        <div class=\"text-container\">\n                          <h5>Fast responses<\/h5>\n                          Need to get services set up for your client quickly? We can have services in place within a week in most cases so talk to us as soon as you can.                                                    <\/div>\n                      <\/div>\n                                        \n                                        \n                    \n                    \n                                                          \n                                          <div class=\"image-and-text-card grid-card\">\n                        <div class=\"image\" style=\"background-image: url('https:\/\/hcandis.com.au\/app\/uploads\/2025\/04\/iStock-1368253341.jpg');\"><\/div>\n                        <div class=\"text-container\">\n                          <h5>Ample upskilling opportunities<\/h5>\n                          We can upskill our Support Workers through our registered training organisations (RTOs) to ensure they have the specific skills needed to provide services to your clients.                                                  <\/div>\n                      <\/div>\n                                        \n                                        \n                    \n                    \n                                                          \n                                          <div class=\"image-and-text-card grid-card\">\n                        <div class=\"image\" style=\"background-image: url('https:\/\/hcandis.com.au\/app\/uploads\/2025\/04\/iStock-1492719829.jpg');\"><\/div>\n                        <div class=\"text-container\">\n                          <h5>Australia-wide reach<\/h5>\n                          We have offices and teams across the country, so we\u2019re well placed to support you and your clients wherever you\u2019re based                                                  <\/div>\n                      <\/div>\n                                        \n                                        \n                    \n                    \n                          \n                <\/div>\n                            <\/div>\n        <\/div>\n    <\/div>\n    <div class=\"background-color\" style=\"\"><\/div>\n<\/section>\n      <div id=\"modal-\" class=\"modal staff-modal\">\n        <div class=\"modal-content\">\n          <span class=\"close\"><\/span>\n            <div class=\"staff-modal-name-role\">\n              <div class=\"staff-modal-photo\">\n                <div class=\"photo\" style=\"background-image: url('https:\/\/hcandis.com.au\/app\/uploads\/2025\/04\/iStock-2197688541.jpg');\"><\/div>\n              <\/div>\n              <div class=\"details\">\n                <h2><div class=\"gradient-text\"><\/div><\/h2>\n                <h4> <br> <span class=\"job-title\"><\/span><\/h4>\n              <\/div>\n            <\/div>\n            <div class=\"bio\">\n                          <\/div>\n        <\/div>\n    <\/div>\n      <div id=\"modal-\" class=\"modal staff-modal\">\n        <div class=\"modal-content\">\n          <span class=\"close\"><\/span>\n            <div class=\"staff-modal-name-role\">\n              <div class=\"staff-modal-photo\">\n                <div class=\"photo\" style=\"background-image: url('https:\/\/hcandis.com.au\/app\/uploads\/2025\/04\/iStock-1368253341.jpg');\"><\/div>\n              <\/div>\n              <div class=\"details\">\n                <h2><div class=\"gradient-text\"><\/div><\/h2>\n                <h4> <br> <span class=\"job-title\"><\/span><\/h4>\n              <\/div>\n            <\/div>\n            <div class=\"bio\">\n                          <\/div>\n        <\/div>\n    <\/div>\n      <div id=\"modal-\" class=\"modal staff-modal\">\n        <div class=\"modal-content\">\n          <span class=\"close\"><\/span>\n            <div class=\"staff-modal-name-role\">\n              <div class=\"staff-modal-photo\">\n                <div class=\"photo\" style=\"background-image: url('https:\/\/hcandis.com.au\/app\/uploads\/2025\/04\/iStock-1492719829.jpg');\"><\/div>\n              <\/div>\n              <div class=\"details\">\n                <h2><div class=\"gradient-text\"><\/div><\/h2>\n                <h4> <br> <span class=\"job-title\"><\/span><\/h4>\n              <\/div>\n            <\/div>\n            <div class=\"bio\">\n                          <\/div>\n        <\/div>\n    <\/div>\n  \n\n\n\n\n\n\n<div class=\"block-spacer s-dsk-60 s-tab-inherit-dsk s-mob-inherit-dsk\"><\/div>\n\n\n<section id=\"stay-informed\" class=\"block-section desktop-height-fit-content tablet-height-fit-content mobile-height-fit-content pattern pattern-call-to-action\">\n  <div class=\"half-bg\" style=\"background-color: \"><\/div>\n  <div class=\"section-content-container desktop-align-y-centre tablet-align-y-centre mobile-align-y-centre p-t-dsk-60 p-b-dsk-60 p-t-tab-inherit-dsk p-b-tab-inherit-dsk p-t-mob-30 p-b-mob-30\">\n    <div class=\"content-container\">\n      <div class=\"container ctr-p-dsk-0 ctr-p-tab-0 ctr-p-mob-24\">\n        <div class=\"call-to-action-wrapper  pattern-grid-container\">\n          <!--Allowed blocks here-->\n          <div class=\"icon\">\n            <div class=\"icon-inner\" style=\"background-image: url('https:\/\/hcandis.com.au\/app\/uploads\/2024\/11\/cta.svg');\"><\/div>\n          <\/div>\n          <div class=\"text-column\">\n            <h3 class=\"text-color-orange\">Stay informed with our support coordinator updates<\/h3>            <p>Join our mailing list for the latest news, resources, and insights to help you support your clients.<\/p>\n          <\/div>\n          \n          <div class=\"button-column\">\n            <a href=\"#enquire\" class=\"cta-link\" alt=\"Join now\" target=\"_self\">Join now <i class=\"far fa-circle-arrow-right i-s-default\"><\/i><\/a>\n          <\/div>\n        <\/div>\n      <\/div>\n    <\/div>\n  <\/div>\n  <div class=\"background-color\" style=\"\"><\/div>\n<\/section>\n\n\n\n\n\n\n<div class=\"block-spacer s-dsk-100 s-tab-inherit-dsk s-mob-inherit-dsk\"><\/div>\n\n\n\n<div class=\"postcode-check-pattern\">\n  <div class=\"container\">\n    <div class=\"icon\">\n      <img decoding=\"async\" src=\"\/app\/themes\/slate\/dist\/images\/postcode-icon.png\">\n    <\/div>\n    <h3>Ki\u1ec3m tra m\u00e3 b\u01b0u ch\u00ednh c\u1ee7a b\u1ea1n<\/h3>\n    <p>\u0110\u1ec3 xem ch\u00fang t\u00f4i c\u00f3 ph\u1ee5c v\u1ee5 khu v\u1ef1c c\u1ee7a b\u1ea1n kh\u00f4ng.<\/p>\n    <div class=\"postcode-check\" data-nonce=\"68049c88c7\">\n\n  <div class=\"form\">\n    <input type=\"number\" inputmode=\"decimal\" name=\"input\" value=\"\" placeholder=\"Nh\u1eadp m\u00e3 b\u01b0u \u0111i\u1ec7n\">\n    <button>T\u00ecm ki\u1ebfm <i class=\"fal fa-magnifying-glass i-s-18\"><\/i><\/button>\n  <\/div>\n\n  <div class=\"result-container\">\n    <div class=\"result\"><\/div>\n  <\/div>\n\n<\/div>  <\/div>\n<\/div>\n\n\n<section id=\"\" class=\"block-section desktop-height-fit-content tablet-height-fit-content mobile-height-fit-content pattern pattern-image-and-text curve curve-top-none curve-bottom-none\">\n  <div class=\"section-content-container desktop-align-y-centre tablet-align-y-centre mobile-align-y-centre p-t-dsk-80 p-b-dsk-80 p-t-tab-inherit-dsk p-b-tab-inherit-dsk p-t-mob-40 p-b-mob-40 default\">\n    <div class=\"content-container\">\n      <div class=\"container ctr-p-dsk-0 ctr-p-tab-0 ctr-p-mob-24\">\n        <div class=\"image-and-text-wrapper reverse-columns pattern-grid-container\">\n          <!--Allowed blocks here-->\n          \n          <div class=\"image-column\">\n            <div class=\"image ar-6-4\" role=\"image\" aria-label=\"\" style=\"background-image: url('https:\/\/hcandis.com.au\/app\/uploads\/2025\/03\/657c2de553e5e2010ac0e68a_iStock-13954747711.jpg');\"><\/div>\n          <\/div>\n          <div class=\"text-column\">\n            \n\n\n\n\n\n\n\n\n\n\n\n\n\n\n\n\n\n\n\n\n\n<div id=\"672167f0786f1\" class=\"block-heading animation-container  w-dsk-12 w-tab-12 w-mob-12 m-t-dsk-0 m-b-dsk-8 m-t-tab-inherit-dsk m-b-tab-inherit-dsk m-t-mob-inherit-dsk m-b-mob-inherit-dsk\"\n\n  \n>\n\n  \n  <h5    class=\"font-02 font-weight-700 l-h-default l-s-default  text-color-primary text-align-desktop-left text-align-tablet-same-as-desktop text-align-mobile-same-as-desktop\" style=\"\"\n      >\n    Why Choose Healthcare Australia  <\/h5>\n<\/div>\n\n\n\n\n\n\n\n\n\n\n\n\n\n\n\n\n\n\n\n\n\n\n\n<div id=\"672167f0786f1\" class=\"block-heading animation-container  w-dsk-12 w-tab-12 w-mob-12 m-t-dsk-0 m-b-dsk-32 m-t-tab-inherit-dsk m-b-tab-inherit-dsk m-t-mob-inherit-dsk m-b-mob-inherit-dsk\"\n\n  \n>\n\n  \n  <h2    class=\"font-01 font-weight-500 l-h-default l-s-default  text-color-primary text-align-desktop-left text-align-tablet-same-as-desktop text-align-mobile-same-as-desktop\" style=\"\"\n      >\n    Have a question? <br>We&#8217;re <span class=\"underline\">here to help<\/span>  <\/h2>\n<\/div>\n\n\n\n\n\n\n\n\n\n\n\n\n\n\n\n<div class=\"block-paragraph animation-container w-dsk-12 w-tab-12 w-mob-12 m-t-dsk-0 m-b-dsk-40 m-t-tab-inherit-dsk m-b-tab-inherit-dsk m-t-mob-inherit-dsk m-b-mob-inherit-dsk\">\n  <div class=\"paragraph body-copy-large font-01 font-weight-300 l-h-default l-s-default   text-align-desktop-left text-align-tablet-same-as-desktop text-align-mobile-same-as-desktop c-dsk-1 c-g-dsk-r c-tab-1 c-g-tab-r  c-mob-1 c-g-mob-r\" style=\"\">\n    <p>Send us your enquiry, and our team will get back to you as soon as possible.<\/p>\n  <\/div>\n<\/div>\n\n\n\n<div class=\"button-group button-group-horizontal\">\n  \n\n\n\n\n\n\n\n\n\n\n\n\n\n\n\n\n\n\n<div id=\"67216fa92d665\"\n    class=\"block-button button-link-target-page animation-container  button-container m-t-dsk-0 m-b-dsk-default m-t-tab-inherit-dsk m-b-tab-inherit-dsk m-t-mob-inherit-dsk m-b-mob-inherit-dsk w-dsk-d w-tab-inherit-dsk w-mob-inherit-dsk\">\n    <a class=\"button style-outline size-regular rounded-corners-xlarge button-background-color-unknown button-text-color-primary position-right\"\n        href=\"https:\/\/hcandis.com.au\/vi\/feedback-or-complaints\/\" target=\"_blank\"\n        style=\"  \">\n\n                <span>\n            H\u1ecfi ngay        <\/span>\n        \n                <div class=\"icon\">\n            <i class=\"far fa-circle-arrow-right i-s-18\"><\/i>\n        <\/div>\n        \n    <\/a>\n<\/div>\n\n<\/div> \n          <\/div>\n        <\/div>\n      <\/div>\n    <\/div>\n  <\/div>\n  <div class=\"background-color background-color-primary-tint-2\" style=\"\"><\/div>\n<\/section>\n\n\n<div data-post-id=\"20334\" class=\"insert-page insert-page-20334\"><section id=\"why-hca\" class=\"pattern-checkmarks-text\">\n\n    <div class=\"container\">\n\n                <h5 class=\"small-heading\">T\u1ea1i sao l\u1ea1i l\u00e0 HCA?<\/h5>\n        \n                <h2 class=\"heading\"><span class=\"underline lge\">\u0110i\u1ec3m kh\u00e1c bi\u1ec7t c\u1ee7a ch\u00fang t\u00f4i<\/span><\/h2>\n                        <div class=\"checkmarks-container\">\n            \n            <div class=\"checkmark\">\n\n                <div class=\"checkmark-wrapper\">\n                    <div class=\"icon\">\n                                                <img decoding=\"async\" src=\"\/app\/themes\/slate\/dist\/images\/icon-checkmark.png\" alt=\"checkmark\">\n                                            <\/div>\n\n                                        <div class=\"title\">Qu\u1ea3n l\u00fd Ch\u0103m s\u00f3c Kh\u00e1ch h\u00e0ng Khu v\u1ef1c<\/div>\n                                    <\/div>\n                                <div class=\"description\">M\u1ecdi kh\u00e1ch h\u00e0ng t\u1ea1i HCA NDIS v\u00e0 d\u1ecbch v\u1ee5 h\u1ed7 tr\u1ee3 ng\u01b0\u1eddi khuy\u1ebft t\u1eadt \u0111\u1ec1u \u0111\u01b0\u1ee3c ch\u1ec9 \u0111\u1ecbnh m\u1ed9t ng\u01b0\u1eddi qu\u1ea3n l\u00fd ch\u0103m s\u00f3c ri\u00eang l\u00e0m \u0111\u1ea7u m\u1ed1i li\u00ean h\u1ec7 duy nh\u1ea5t c\u1ee7a h\u1ecd v\u1edbi HCA.<\/div>\n                            <\/div>\n\n            \n            <div class=\"checkmark\">\n\n                <div class=\"checkmark-wrapper\">\n                    <div class=\"icon\">\n                                                <img decoding=\"async\" src=\"\/app\/themes\/slate\/dist\/images\/icon-checkmark.png\" alt=\"checkmark\">\n                                            <\/div>\n\n                                        <div class=\"title\">Nh\u00e2n vi\u00ean H\u1ed7 tr\u1ee3 c\u00f3 K\u1ef9 n\u0103ng Cao<\/div>\n                                    <\/div>\n                                <div class=\"description\">T\u1ea1i HCA, ch\u00fang t\u00f4i c\u00f3 th\u1ec3 th\u01b0\u1eddng xuy\u00ean n\u00e2ng cao k\u1ef9 n\u0103ng v\u00e0 \u0111\u00e0o t\u1ea1o nh\u00e2n vi\u00ean nh\u1edd v\u00e0o b\u1ed9 ph\u1eadn \u0111\u00e0o t\u1ea1o n\u1ed9i b\u1ed9 v\u00e0 b\u1ec1 d\u00e0y kinh nghi\u1ec7m l\u00e2u n\u0103m. \u0110i\u1ec1u n\u00e0y c\u00f3 ngh\u0129a l\u00e0 qu\u00fd v\u1ecb lu\u00f4n \u0111\u01b0\u1ee3c l\u00e0m vi\u1ec7c v\u1edbi nh\u1eefng nh\u00e2n vi\u00ean xu\u1ea5t s\u1eafc nh\u1ea5t.<\/div>\n                            <\/div>\n\n            \n            <div class=\"checkmark\">\n\n                <div class=\"checkmark-wrapper\">\n                    <div class=\"icon\">\n                                                <img decoding=\"async\" src=\"\/app\/themes\/slate\/dist\/images\/icon-checkmark.png\" alt=\"checkmark\">\n                                            <\/div>\n\n                                        <div class=\"title\">H\u1ed7 tr\u1ee3 24\/7<\/div>\n                                    <\/div>\n                                <div class=\"description\">Nhu c\u1ea7u h\u1ed7 tr\u1ee3 c\u1ee7a b\u1ea1n kh\u00f4ng d\u1eebng l\u1ea1i sau 5 gi\u1edd chi\u1ec1u n\u00ean ch\u00fang t\u00f4i c\u0169ng v\u1eady. Ch\u00fang t\u00f4i c\u00f3 \u0111\u01b0\u1eddng d\u00e2y h\u1ed7 tr\u1ee3 24\/7 \u0111\u1ec3 b\u1ea1n c\u00f3 th\u1ec3 li\u00ean h\u1ec7 v\u1edbi ch\u00fang t\u00f4i b\u1ea5t k\u1ef3 l\u00fac n\u00e0o trong ng\u00e0y \u2013 ho\u1eb7c \u0111\u00eam!<\/div>\n                            <\/div>\n\n                    <\/div>\n                <div class=\"text-box-container\">\n\n            <div class=\"text\">\n\n                                <h5 class=\"small-heading\">Ch\u00fang t\u00f4i quan t\u00e2m t\u1ea1i HCA<\/h5>\n                \n                                <h2 class=\"heading\">T\u1ea1i sao ch\u1ecdn HCA NDIS v\u00e0 Khuy\u1ebft t\u1eadt l\u00e0m nh\u00e0 cung c\u1ea5p c\u1ee7a b\u1ea1n?<\/h2>\n                \n                                <p>HCA NDIS v\u00e0 khuy\u1ebft t\u1eadt l\u00e0 nh\u00e0 cung c\u1ea5p d\u1ecbch v\u1ee5 h\u1ed7 tr\u1ee3 NDIS qu\u1ed1c gia \u0111\u00e3 \u0111\u0103ng k\u00fd t\u1ea1i \u00dac. \u0110\u01b0\u1ee3c th\u00e0nh l\u1eadp v\u00e0o n\u0103m 2017 v\u1edbi t\u01b0 c\u00e1ch l\u00e0 nh\u00e0 cung c\u1ea5p \u0111\u00e3 \u0111\u0103ng k\u00fd, b\u1ea1n c\u00f3 th\u1ec3 h\u01b0\u1edfng l\u1ee3i t\u1eeb vi\u1ec7c ch\u00fang t\u00f4i ti\u1ebfp c\u1eadn c\u00e1c Nh\u00e2n vi\u00ean H\u1ed7 tr\u1ee3 v\u00e0 Qu\u1ea3n l\u00fd Ch\u0103m s\u00f3c Kh\u00e1ch h\u00e0ng t\u1ed1t nh\u1ea5t, \u0111\u1ed3ng th\u1eddi nh\u1eadn \u0111\u01b0\u1ee3c s\u1ef1 ch\u0103m s\u00f3c v\u00e0 h\u1ed7 tr\u1ee3 t\u1ed1t nh\u1ea5t.<\/p>\n                \n                                <div class=\"cta-button\">\n                    <a href=\"https:\/\/hcandis.com.au\/vi\/who-we-are\/\" target=\"\">\n                        <span>Th\u00eam v\u1ec1 ch\u00fang t\u00f4i<\/span>\n                        <i class=\"far fa-circle-arrow-right i-s-18\"><\/i>\n                    <\/a>\n                <\/div>\n                \n            <\/div>\n\n                        <div class=\"image\" style=\"background-image: url('https:\/\/hcandis.com.au\/app\/uploads\/2024\/12\/iStock-2025-04-28-1.jpg');\"><\/div>\n            \n        <\/div>\n\n    <\/div>\n<\/section>\n<\/div>\n\n<section id=\"need-help\" class=\"block-section desktop-height-fit-content tablet-height-fit-content mobile-height-fit-content pattern pattern-call-to-action-full-width\">\n  <div class=\"section-content-container desktop-align-y-centre tablet-align-y-centre mobile-align-y-centre p-t-dsk-60 p-b-dsk-60 p-t-tab-inherit-dsk p-b-tab-inherit-dsk p-t-mob-30 p-b-mob-30\">\n    <div class=\"content-container\">\n      <div class=\"container ctr-p-dsk-0 ctr-p-tab-0 ctr-p-mob-24\">\n        <div class=\"call-to-action-full-width-wrapper  pattern-grid-container\">\n          <!--Allowed blocks here-->\n          <div class=\"text-column\">\n            <h5 class=\"font-02 font-weight-700 l-h-default l-s-default text-color-primary\">C\u1ea7n gi\u00fap \u0111\u1ee1 t\u1eeb HCA?<\/h5>\n            <h3 class=\"text-color-primary\">Mu\u1ed1n n\u00f3i chuy\u1ec7n v\u1edbi chuy\u00ean gia? H\u00e3y li\u00ean h\u1ec7 v\u1edbi ch\u00fang t\u00f4i ngay h\u00f4m nay.<\/h3>          <\/div>\n          \n          <div class=\"button-column\">\n            <a href=\"#enquire\" class=\"cta-link\" alt=\"Get a free consultation\" target=\"_self\">Nh\u1eadn t\u01b0 v\u1ea5n mi\u1ec5n ph\u00ed <i class=\"far fa-circle-arrow-right i-s-default\"><\/i><\/a>\n          <\/div>\n        <\/div>\n      <\/div>\n    <\/div>\n  <\/div>\n  <div class=\"background-color background-color-orange-accent\"><\/div>\n<\/section>","protected":false},"excerpt":{"rendered":"","protected":false},"author":1,"featured_media":0,"parent":0,"menu_order":14,"comment_status":"closed","ping_status":"closed","template":"","meta":{"_acf_changed":false,"inline_featured_image":false,"footnotes":""},"class_list":["post-21283","page","type-page","status-publish","hentry"],"acf":[],"_links":{"self":[{"href":"https:\/\/hcandis.com.au\/vi\/wp-json\/wp\/v2\/pages\/21283","targetHints":{"allow":["GET"]}}],"collection":[{"href":"https:\/\/hcandis.com.au\/vi\/wp-json\/wp\/v2\/pages"}],"about":[{"href":"https:\/\/hcandis.com.au\/vi\/wp-json\/wp\/v2\/types\/page"}],"author":[{"embeddable":true,"href":"https:\/\/hcandis.com.au\/vi\/wp-json\/wp\/v2\/users\/1"}],"replies":[{"embeddable":true,"href":"https:\/\/hcandis.com.au\/vi\/wp-json\/wp\/v2\/comments?post=21283"}],"version-history":[{"count":10,"href":"https:\/\/hcandis.com.au\/vi\/wp-json\/wp\/v2\/pages\/21283\/revisions"}],"predecessor-version":[{"id":22194,"href":"https:\/\/hcandis.com.au\/vi\/wp-json\/wp\/v2\/pages\/21283\/revisions\/22194"}],"wp:attachment":[{"href":"https:\/\/hcandis.com.au\/vi\/wp-json\/wp\/v2\/media?parent=21283"}],"curies":[{"name":"wp","href":"https:\/\/api.w.org\/{rel}","templated":true}]}}